{"id":501,"date":"2020-03-31T00:52:55","date_gmt":"2020-03-31T03:52:55","guid":{"rendered":"https:\/\/www.aljardim.com.br\/wordpress\/?page_id=501"},"modified":"2025-07-22T10:58:12","modified_gmt":"2025-07-22T13:58:12","slug":"artigos-grof","status":"publish","type":"page","link":"https:\/\/www.aljardim.com.br\/v2\/artigos-grof\/","title":{"rendered":"Artigos"},"content":{"rendered":"<p><!-- ----- Artigo 01 ----- --><\/p>\n<div class=\"row\">\n<p><!-- ----- Imagem ----- --><\/p>\n<div class=\"col-md-2\"><img loading=\"lazy\" decoding=\"async\" src=\"https:\/\/www.aljardim.com.br\/v2\/wp-content\/uploads\/2020\/03\/stan.jpg\" alt=\"\" width=\"109\" height=\"165\" \/><\/div>\n<div class=\"col-md-10\">\n<p><!-- ----- T\u00edtulo do Artigo----- --><\/p>\n<h3>Dr. Stanislav Grof entrevista Dr. Albert Hofmann<\/h3>\n<p><small>Esalen Institute, Big Sur, California, 1984.<\/small><br \/>\n<em> Este not\u00e1vel di\u00e1logo de 1984 nunca foi publicado. Estamos imprimindo agora, em parte, para fornecer contexto hist\u00f3rico para um novo esfor\u00e7o, no qual a MAPS realiza pesquisas de psicoterapia nos Estados Unidos. [&#8230;]<\/em><\/p>\n<\/div>\n<\/div>\n<p><!-- ----- Artigo 02 ----- --><\/p>\n<div class=\"row\">\n<div class=\"col-md-2\"><img loading=\"lazy\" decoding=\"async\" src=\"https:\/\/www.aljardim.com.br\/v2\/wp-content\/uploads\/2020\/04\/wordpress-whatsapp-image-2020-04-09-at-11.31.401.jpeg\" alt=\"\" width=\"109\" height=\"165\" \/><\/div>\n<div class=\"col-md-10\">\n<h3>A Libera\u00e7\u00e3o pela Audi\u00e7\u00e3o no Plano P\u00f3s Morte: O Livro Tibetano da Morte<\/h3>\n<p><small>Stanislav Grof, M.D., Ph.D. &#8211; Tradu\u00e7\u00e3o de Evane Ferreira J\u00fanior <\/small><br \/>\n<em> O Livro Tibetano da Morte, ou Bardo Th\u00f6dol \u00e9 um texto funer\u00e1rio de origem muito mais recente do que o seu correspondente Eg\u00edpcio e tem incomparavelmente mais consist\u00eancia interna e congru\u00eancia. [&#8230;]<\/em><\/p>\n<\/div>\n<\/div>\n<p><!-- ----- Artigo 03 ----- --><\/p>\n<div class=\"row\">\n<div class=\"col-md-2\"><img loading=\"lazy\" decoding=\"async\" src=\"https:\/\/www.aljardim.com.br\/v2\/wp-content\/uploads\/2020\/04\/wordpress-whatsapp-image-2020-04-09-at-11.31.40.jpeg\" alt=\"\" width=\"109\" height=\"165\" \/><\/div>\n<div class=\"col-md-10\">\n<h3>Sobreviv\u00eancia Planet\u00e1ria e Evolu\u00e7\u00e3o da Consci\u00eancia: Ra\u00edzes Psicol\u00f3gicas da Viol\u00eancia Humana e da Gan\u00e2ncia<\/h3>\n<p><small>Stanislav Grof, M.D., Ph.D. &#8211; Tradu\u00e7\u00e3o de \u00c1lvaro Jardim<\/small><br \/>\n<em> As duas mais poderosas for\u00e7as psicol\u00f3gicas na hist\u00f3ria humana t\u00eam sido, sem d\u00favida, a viol\u00eancia e a gan\u00e2ncia. No entanto, a corrente global atual tem ampliado as conseq\u00fc\u00eancias envolvidas. [&#8230;]<\/em><\/p>\n<\/div>\n<\/div>\n<p><!-- ----- Artigo 04 ----- --><\/p>\n<div class=\"row\">\n<div class=\"col-md-2\"><img loading=\"lazy\" decoding=\"async\" src=\"https:\/\/www.aljardim.com.br\/v2\/wp-content\/uploads\/2020\/04\/wordpress-whatsapp-image-2020-04-09-at-11.31.41.jpeg\" alt=\"\" width=\"109\" height=\"165\" \/><\/div>\n<div class=\"col-md-10\">\n<h3>O Trauma do Nascimento e sua Rela\u00e7\u00e3o com a Doen\u00e7a Mental, Suic\u00eddio e \u00caxtase<\/h3>\n<p><small>Stanislav Grof, M.D., Ph.D. &#8211; Tradu\u00e7\u00e3o de \u00c1lvaro Jardim<\/small><br \/>\n<em> Em certo sentido, este artigo pode ser considerado um pouco datado, pois diz respeito \u00e0 Psicoterapia com LSD, uma metodologia que n\u00e3o \u00e9 usada clinicamente h\u00e1 mais de um quarto de s\u00e9culo. No entanto, [&#8230;]<\/em><\/p>\n<\/div>\n<\/div>\n<p><!-- ----- Artigo 05 ----- --><\/p>\n<div class=\"row\">\n<div class=\"col-md-2\"><img loading=\"lazy\" decoding=\"async\" src=\"https:\/\/www.aljardim.com.br\/v2\/wp-content\/uploads\/2020\/04\/wordpress-whatsapp-image-2020-04-09-at-11.31.411.jpeg\" alt=\"\" width=\"109\" height=\"165\" \/><\/div>\n<div class=\"col-md-10\">\n<h3>Psicologia Transpessoal &#8211; Breve Hist\u00f3ria da Psicologia Transpessoal<\/h3>\n<p><small>Stanislav Grof, M.D., Ph.D. &#8211; Tradu\u00e7\u00e3o de \u00c1lvaro Jardim<\/small><br \/>\n<em> No meio do s\u00e9culo vinte, a psicologia americana foi dominada pelas duas maiores escolas \u2013 o behaviorismo e a psicologia freudiana. O aumento da insatisfa\u00e7\u00e3o com essas duas orienta\u00e7\u00f5es, como abordagens adequadas [&#8230;]<\/em><\/p>\n<\/div>\n<\/div>\n<p><!-- ----- Artigo 06 ----- --><\/p>\n<div class=\"row\">\n<div class=\"col-md-2\"><img loading=\"lazy\" decoding=\"async\" src=\"https:\/\/www.aljardim.com.br\/v2\/wp-content\/uploads\/2020\/04\/wordpress-stan001.jpg\" alt=\"\" width=\"109\" height=\"165\" \/><\/div>\n<div class=\"col-md-10\">\n<h3>Psicose e Sociedade Humana: Uma Perspectiva Hist\u00f3rica<\/h3>\n<p><small>Stanislav Grof, M.D., Ph.D. &#8211; Tradu\u00e7\u00e3o de \u00c1lvaro Jardim<\/small><br \/>\n<em> \u201cO grande progresso que foi feito no campo da anatomia cerebral e da fisiologia patol\u00f3gica e a posse geral em favor da ci\u00eancia natural hoje nos ensinaram a procurar, sempre e em todos os lugares, por causas materiais, e a descansar o conte\u00fado depois de os encontrarmos. [&#8230;]<\/em><\/p>\n<\/div>\n<\/div>\n<p><!-- ----- Artigo 07 ----- --><\/p>\n<div class=\"row\">\n<div class=\"col-md-2\"><img loading=\"lazy\" decoding=\"async\" src=\"https:\/\/www.aljardim.com.br\/v2\/wp-content\/uploads\/2020\/04\/wordpress-stan2002mm.jpg\" alt=\"\" width=\"109\" height=\"165\" \/><\/div>\n<div class=\"col-md-10\">\n<h3>A Experi\u00eancia da Morte e do Morrer: Aspectos Psicol\u00f3gicos, Filos\u00f3ficos e Espirituais<\/h3>\n<p><small>Stanislav Grof, M.D., Ph.D. &#8211; Tradu\u00e7\u00e3o de \u00c1lvaro Jardim<\/small><br \/>\n<em>Seria dif\u00edcil imaginar um assunto que seja mais universal e mais pessoalmente relevante para cada indiv\u00edduo do que a morte e o morrer. No decorrer de nossa vida, todos perderemos conhecidos, amigos e parentes e, eventualmente, enfrentaremos nossa pr\u00f3pria morte biol\u00f3gica. [&#8230;]<\/em><\/p>\n<\/div>\n<\/div>\n<p><!-- ----- Artigo 08 ----- --><\/p>\n<div class=\"row\">\n<div class=\"col-md-2\"><img loading=\"lazy\" decoding=\"async\" src=\"https:\/\/www.aljardim.com.br\/v2\/wp-content\/uploads\/2020\/04\/wordpress-stan002.jpg\" alt=\"\" width=\"109\" height=\"165\" \/><\/div>\n<div class=\"col-md-10\">\n<h3>\u00c1lvaro Jardim e Carmen Maciel Entrevistando Stanislav Grof<\/h3>\n<p><em>O que a Psicologia Transpessoal e o seu trabalho trouxeram para a psicologia como ci\u00eancia? O famoso psic\u00f3logo americano Abraham Maslow chamou a Psicologia Transpessoal de a Quarta For\u00e7a em psicologia, que se seguiu ao comportamentalismo, \u00e0 Psican\u00e1lise Freudiana e \u00e0 Psicologia Humanista. [&#8230;]<\/em><\/p>\n<\/div>\n<\/div>\n<p><!-- ----- Artigo 09 ----- --><\/p>\n<div class=\"row\">\n<div class=\"col-md-2\"><img loading=\"lazy\" decoding=\"async\" src=\"https:\/\/www.aljardim.com.br\/v2\/wp-content\/uploads\/2020\/04\/wordpress-stangrof1.jpg\" alt=\"\" width=\"109\" height=\"165\" \/><\/div>\n<div class=\"col-md-10\">\n<h3>Pesquisa Holotr\u00f3pica e Astrologia Arquet\u00edpica<\/h3>\n<p><small>Stanislav Grof, M.D., Ph.D. &#8211; Tradu\u00e7\u00e3o de \u00c1lvaro Jardim<\/small><br \/>\n<em> No artigo final desta se\u00e7\u00e3o, Stanislav Grof aborda a interface entre a psicologia transpessoal e a perspectiva astrol\u00f3gica, descrevendo sua colabora\u00e7\u00e3o com Richard Tarnas e as conex\u00f5es que descobriram [&#8230;]<\/em><\/p>\n<\/div>\n<\/div>\n<p>&nbsp;<\/p>\n","protected":false},"excerpt":{"rendered":"<p>Dr. Stanislav Grof entrevista Dr. Albert Hofmann Esalen Institute, Big Sur, California, 1984. Este not\u00e1vel di\u00e1logo de 1984 nunca foi publicado. Estamos imprimindo agora, em parte, para fornecer contexto hist\u00f3rico para um novo esfor\u00e7o, no qual a MAPS realiza pesquisas de psicoterapia nos Estados Unidos. [&#8230;] A Libera\u00e7\u00e3o pela Audi\u00e7\u00e3o no Plano P\u00f3s Morte: O [&hellip;]<\/p>\n","protected":false},"author":2,"featured_media":0,"parent":0,"menu_order":0,"comment_status":"closed","ping_status":"closed","template":"","meta":{"_acf_changed":false,"footnotes":""},"class_list":["post-501","page","type-page","status-publish","hentry"],"acf":[],"yoast_head":"<!-- This site is optimized with the Yoast SEO plugin v24.5 - https:\/\/yoast.com\/wordpress\/plugins\/seo\/ -->\n<title>Artigos - Aljardim<\/title>\n<meta name=\"robots\" content=\"index, follow, max-snippet:-1, max-image-preview:large, max-video-preview:-1\" \/>\n<link rel=\"canonical\" href=\"https:\/\/www.aljardim.com.br\/v2\/artigos-grof\/\" \/>\n<meta property=\"og:locale\" content=\"pt_BR\" \/>\n<meta property=\"og:type\" content=\"article\" \/>\n<meta property=\"og:title\" content=\"Artigos - Aljardim\" \/>\n<meta property=\"og:description\" content=\"Dr. Stanislav Grof entrevista Dr. Albert Hofmann Esalen Institute, Big Sur, California, 1984. Este not\u00e1vel di\u00e1logo de 1984 nunca foi publicado. Estamos imprimindo agora, em parte, para fornecer contexto hist\u00f3rico para um novo esfor\u00e7o, no qual a MAPS realiza pesquisas de psicoterapia nos Estados Unidos. [&#8230;] A Libera\u00e7\u00e3o pela Audi\u00e7\u00e3o no Plano P\u00f3s Morte: O [&hellip;]\" \/>\n<meta property=\"og:url\" content=\"https:\/\/www.aljardim.com.br\/v2\/artigos-grof\/\" \/>\n<meta property=\"og:site_name\" content=\"Aljardim\" \/>\n<meta property=\"article:modified_time\" content=\"2025-07-22T13:58:12+00:00\" \/>\n<meta property=\"og:image\" content=\"https:\/\/www.aljardim.com.br\/v2\/wp-content\/uploads\/2020\/03\/stan.jpg\" \/>\n<meta name=\"twitter:card\" content=\"summary_large_image\" \/>\n<meta name=\"twitter:label1\" content=\"Est. tempo de leitura\" \/>\n\t<meta name=\"twitter:data1\" content=\"5 minutos\" \/>\n<script type=\"application\/ld+json\" class=\"yoast-schema-graph\">{\"@context\":\"https:\/\/schema.org\",\"@graph\":[{\"@type\":\"WebPage\",\"@id\":\"https:\/\/www.aljardim.com.br\/v2\/artigos-grof\/\",\"url\":\"https:\/\/www.aljardim.com.br\/v2\/artigos-grof\/\",\"name\":\"Artigos - Aljardim\",\"isPartOf\":{\"@id\":\"https:\/\/www.aljardim.com.br\/v2\/#website\"},\"primaryImageOfPage\":{\"@id\":\"https:\/\/www.aljardim.com.br\/v2\/artigos-grof\/#primaryimage\"},\"image\":{\"@id\":\"https:\/\/www.aljardim.com.br\/v2\/artigos-grof\/#primaryimage\"},\"thumbnailUrl\":\"https:\/\/www.aljardim.com.br\/v2\/wp-content\/uploads\/2020\/03\/stan.jpg\",\"datePublished\":\"2020-03-31T03:52:55+00:00\",\"dateModified\":\"2025-07-22T13:58:12+00:00\",\"breadcrumb\":{\"@id\":\"https:\/\/www.aljardim.com.br\/v2\/artigos-grof\/#breadcrumb\"},\"inLanguage\":\"pt-BR\",\"potentialAction\":[{\"@type\":\"ReadAction\",\"target\":[\"https:\/\/www.aljardim.com.br\/v2\/artigos-grof\/\"]}]},{\"@type\":\"ImageObject\",\"inLanguage\":\"pt-BR\",\"@id\":\"https:\/\/www.aljardim.com.br\/v2\/artigos-grof\/#primaryimage\",\"url\":\"https:\/\/www.aljardim.com.br\/v2\/wp-content\/uploads\/2020\/03\/stan.jpg\",\"contentUrl\":\"https:\/\/www.aljardim.com.br\/v2\/wp-content\/uploads\/2020\/03\/stan.jpg\",\"width\":212,\"height\":320},{\"@type\":\"BreadcrumbList\",\"@id\":\"https:\/\/www.aljardim.com.br\/v2\/artigos-grof\/#breadcrumb\",\"itemListElement\":[{\"@type\":\"ListItem\",\"position\":1,\"name\":\"In\u00edcio\",\"item\":\"https:\/\/www.aljardim.com.br\/v2\/\"},{\"@type\":\"ListItem\",\"position\":2,\"name\":\"Artigos\"}]},{\"@type\":\"WebSite\",\"@id\":\"https:\/\/www.aljardim.com.br\/v2\/#website\",\"url\":\"https:\/\/www.aljardim.com.br\/v2\/\",\"name\":\"Aljardim\",\"description\":\"Psicologia, Trabalho com Estados Holotr\u00f3picos de Consci\u00eancia, GROF\u00ae Legacy Training Brasil.\",\"potentialAction\":[{\"@type\":\"SearchAction\",\"target\":{\"@type\":\"EntryPoint\",\"urlTemplate\":\"https:\/\/www.aljardim.com.br\/v2\/?s={search_term_string}\"},\"query-input\":{\"@type\":\"PropertyValueSpecification\",\"valueRequired\":true,\"valueName\":\"search_term_string\"}}],\"inLanguage\":\"pt-BR\"}]}<\/script>\n<!-- \/ Yoast SEO plugin. -->","yoast_head_json":{"title":"Artigos - Aljardim","robots":{"index":"index","follow":"follow","max-snippet":"max-snippet:-1","max-image-preview":"max-image-preview:large","max-video-preview":"max-video-preview:-1"},"canonical":"https:\/\/www.aljardim.com.br\/v2\/artigos-grof\/","og_locale":"pt_BR","og_type":"article","og_title":"Artigos - Aljardim","og_description":"Dr. Stanislav Grof entrevista Dr. Albert Hofmann Esalen Institute, Big Sur, California, 1984. Este not\u00e1vel di\u00e1logo de 1984 nunca foi publicado. Estamos imprimindo agora, em parte, para fornecer contexto hist\u00f3rico para um novo esfor\u00e7o, no qual a MAPS realiza pesquisas de psicoterapia nos Estados Unidos. [&#8230;] A Libera\u00e7\u00e3o pela Audi\u00e7\u00e3o no Plano P\u00f3s Morte: O [&hellip;]","og_url":"https:\/\/www.aljardim.com.br\/v2\/artigos-grof\/","og_site_name":"Aljardim","article_modified_time":"2025-07-22T13:58:12+00:00","og_image":[{"url":"https:\/\/www.aljardim.com.br\/v2\/wp-content\/uploads\/2020\/03\/stan.jpg","type":"","width":"","height":""}],"twitter_card":"summary_large_image","twitter_misc":{"Est. tempo de leitura":"5 minutos"},"schema":{"@context":"https:\/\/schema.org","@graph":[{"@type":"WebPage","@id":"https:\/\/www.aljardim.com.br\/v2\/artigos-grof\/","url":"https:\/\/www.aljardim.com.br\/v2\/artigos-grof\/","name":"Artigos - Aljardim","isPartOf":{"@id":"https:\/\/www.aljardim.com.br\/v2\/#website"},"primaryImageOfPage":{"@id":"https:\/\/www.aljardim.com.br\/v2\/artigos-grof\/#primaryimage"},"image":{"@id":"https:\/\/www.aljardim.com.br\/v2\/artigos-grof\/#primaryimage"},"thumbnailUrl":"https:\/\/www.aljardim.com.br\/v2\/wp-content\/uploads\/2020\/03\/stan.jpg","datePublished":"2020-03-31T03:52:55+00:00","dateModified":"2025-07-22T13:58:12+00:00","breadcrumb":{"@id":"https:\/\/www.aljardim.com.br\/v2\/artigos-grof\/#breadcrumb"},"inLanguage":"pt-BR","potentialAction":[{"@type":"ReadAction","target":["https:\/\/www.aljardim.com.br\/v2\/artigos-grof\/"]}]},{"@type":"ImageObject","inLanguage":"pt-BR","@id":"https:\/\/www.aljardim.com.br\/v2\/artigos-grof\/#primaryimage","url":"https:\/\/www.aljardim.com.br\/v2\/wp-content\/uploads\/2020\/03\/stan.jpg","contentUrl":"https:\/\/www.aljardim.com.br\/v2\/wp-content\/uploads\/2020\/03\/stan.jpg","width":212,"height":320},{"@type":"BreadcrumbList","@id":"https:\/\/www.aljardim.com.br\/v2\/artigos-grof\/#breadcrumb","itemListElement":[{"@type":"ListItem","position":1,"name":"In\u00edcio","item":"https:\/\/www.aljardim.com.br\/v2\/"},{"@type":"ListItem","position":2,"name":"Artigos"}]},{"@type":"WebSite","@id":"https:\/\/www.aljardim.com.br\/v2\/#website","url":"https:\/\/www.aljardim.com.br\/v2\/","name":"Aljardim","description":"Psicologia, Trabalho com Estados Holotr\u00f3picos de Consci\u00eancia, GROF\u00ae Legacy Training Brasil.","potentialAction":[{"@type":"SearchAction","target":{"@type":"EntryPoint","urlTemplate":"https:\/\/www.aljardim.com.br\/v2\/?s={search_term_string}"},"query-input":{"@type":"PropertyValueSpecification","valueRequired":true,"valueName":"search_term_string"}}],"inLanguage":"pt-BR"}]}},"_links":{"self":[{"href":"https:\/\/www.aljardim.com.br\/v2\/wp-json\/wp\/v2\/pages\/501","targetHints":{"allow":["GET"]}}],"collection":[{"href":"https:\/\/www.aljardim.com.br\/v2\/wp-json\/wp\/v2\/pages"}],"about":[{"href":"https:\/\/www.aljardim.com.br\/v2\/wp-json\/wp\/v2\/types\/page"}],"author":[{"embeddable":true,"href":"https:\/\/www.aljardim.com.br\/v2\/wp-json\/wp\/v2\/users\/2"}],"replies":[{"embeddable":true,"href":"https:\/\/www.aljardim.com.br\/v2\/wp-json\/wp\/v2\/comments?post=501"}],"version-history":[{"count":31,"href":"https:\/\/www.aljardim.com.br\/v2\/wp-json\/wp\/v2\/pages\/501\/revisions"}],"predecessor-version":[{"id":4393,"href":"https:\/\/www.aljardim.com.br\/v2\/wp-json\/wp\/v2\/pages\/501\/revisions\/4393"}],"wp:attachment":[{"href":"https:\/\/www.aljardim.com.br\/v2\/wp-json\/wp\/v2\/media?parent=501"}],"curies":[{"name":"wp","href":"https:\/\/api.w.org\/{rel}","templated":true}]}}