{"id":44,"date":"2020-03-08T18:15:12","date_gmt":"2020-03-08T21:15:12","guid":{"rendered":"http:\/\/localhost\/alvaro\/?page_id=44"},"modified":"2022-02-10T11:20:56","modified_gmt":"2022-02-10T14:20:56","slug":"centro-de-educacao-e-psicoterapia","status":"publish","type":"page","link":"https:\/\/www.aljardim.com.br\/v2\/centro-de-educacao-e-psicoterapia\/","title":{"rendered":"Apresenta\u00e7\u00e3o"},"content":{"rendered":"<ul id=\"myTab\" class=\"nav nav-tabs\" role=\"tablist\">\n<li class=\"nav-item\"><a id=\"home-tab\" class=\"nav-link active\" role=\"tab\" href=\"#home\" data-toggle=\"tab\" aria-controls=\"home\" aria-selected=\"true\">Presta\u00e7\u00e3o de Servi\u00e7os<\/a><\/li>\n<li class=\"nav-item\"><a id=\"declaracoes-tab\" class=\"nav-link\" role=\"tab\" href=\"#declaracoes\" data-toggle=\"tab\" aria-controls=\"contact\" aria-selected=\"false\">Declara\u00e7\u00f5es de Capacidade T\u00e9cnica<\/a><\/li>\n<li class=\"nav-item\"><a id=\"contact-tab\" class=\"nav-link\" role=\"tab\" href=\"#contact\" data-toggle=\"tab\" aria-controls=\"contact\" aria-selected=\"false\">Diretores<\/a><\/li>\n<\/ul>\n<div id=\"myTabContent\" class=\"tab-content\">\n<div id=\"home\" class=\"tab-pane fade show active\" role=\"tabpanel\" aria-labelledby=\"home-tab\">\n<p>&nbsp;<\/p>\n<p>Somos profissionais que trabalham no Centro de Educa\u00e7\u00e3o e Psicoterapia e atendem indiv\u00edduos, casais e grupos em sess\u00f5es privativas. Prestamos uma s\u00e9rie de outros servi\u00e7os como listamos abaixo:<\/p>\n<p><strong>1. Psicoterapia Individual<\/strong><br \/>\n<strong>2. Psicoterapia de Grupo<br \/>\n<\/strong><strong>3. Terapia Transpessoal<\/strong><br \/>\n<strong>4. Oficinas de Grof<sup>\u00ae<\/sup> Breathwork (respira\u00e7\u00e3o holotr\u00f3pica)<br \/>\n<\/strong><strong>5. Supervis\u00e3o:<\/strong><\/p>\n<ol>\n<li>Terapia Transpessoal<\/li>\n<li>Grof<sup>\u00ae<\/sup> Breathwork<\/li>\n<\/ol>\n<p><strong>6. Cursos<br \/>\n<\/strong><\/p>\n<ol>\n<li>Grof<sup>\u00ae<\/sup> Legacy Training Brasil;<\/li>\n<li>Introdu\u00e7\u00e3o \u00e0 Psicologia Transpessoal Aplicada;<\/li>\n<li>Psicologia Transpessoal Aplicada (P\u00f3s-Gradua\u00e7\u00e3o Lato Sensu), \u00e0 Luz da Teoria de Stanislav Grof;<\/li>\n<li>O Potencial Evolucion\u00e1rio, Transformador e de Cura dos Estados Holotr\u00f3picos de Consci\u00eancia.<\/li>\n<\/ol>\n<p>&nbsp;<\/p>\n<p><strong>7. Palestras<\/strong><br \/>\n<strong>8. Consultoria e Assessoria para Empresas<\/strong><br \/>\n<strong>9. Viv\u00eancias Integrativas em Empresas<\/strong><br \/>\n<strong>10. Projetos Cl\u00ednicos, Educacionais e Empresariais.<\/strong><\/p>\n<\/div>\n<p>&nbsp;<\/p>\n<div id=\"declaracoes\" class=\"tab-pane fade\" role=\"tabpanel\" aria-labelledby=\"declaracoes-tab\">\n<ul>\n<li><a href=\"\/declaracoes\/nossacaixa.pdf\" target=\"_blank\" rel=\"noopener noreferrer\">Banco Nossa Caixa<\/a><\/li>\n<li><a href=\"\/declaracoes\/ucg.pdf\" target=\"_blank\" rel=\"noopener noreferrer\">Universidade Cat\u00f3lica de Goi\u00e1s<\/a><\/li>\n<li><a href=\"\/declaracoes\/imperial.pdf\" target=\"_blank\" rel=\"noopener noreferrer\">Cervejaria Imperial<\/a><\/li>\n<\/ul>\n<\/div>\n<div id=\"contact\" class=\"tab-pane fade\" role=\"tabpanel\" aria-labelledby=\"contact-tab\">\n&nbsp;<\/p>\n<ul>\n<li>Dora Veiga Jardim &#8211; CRP\/09 &#8211; 418<\/li>\n<li>\u00c1lvaro Veiga Jardim &#8211; CRP\/09 &#8211; 34<\/li>\n<\/ul>\n<\/div>\n<\/div>\n","protected":false},"excerpt":{"rendered":"<p>Presta\u00e7\u00e3o de Servi\u00e7os Declara\u00e7\u00f5es de Capacidade T\u00e9cnica Diretores &nbsp; Somos profissionais que trabalham no Centro de Educa\u00e7\u00e3o e Psicoterapia e atendem indiv\u00edduos, casais e grupos em sess\u00f5es privativas. Prestamos uma s\u00e9rie de outros servi\u00e7os como listamos abaixo: 1. Psicoterapia Individual 2. Psicoterapia de Grupo 3. Terapia Transpessoal 4. Oficinas de Grof\u00ae Breathwork (respira\u00e7\u00e3o holotr\u00f3pica) 5. [&hellip;]<\/p>\n","protected":false},"author":2,"featured_media":0,"parent":0,"menu_order":0,"comment_status":"closed","ping_status":"closed","template":"","meta":{"_acf_changed":false,"footnotes":""},"class_list":["post-44","page","type-page","status-publish","hentry"],"acf":[],"yoast_head":"<!-- This site is optimized with the Yoast SEO plugin v24.5 - https:\/\/yoast.com\/wordpress\/plugins\/seo\/ -->\n<title>Apresenta\u00e7\u00e3o - Aljardim<\/title>\n<meta name=\"robots\" content=\"index, follow, max-snippet:-1, max-image-preview:large, max-video-preview:-1\" \/>\n<link rel=\"canonical\" href=\"https:\/\/www.aljardim.com.br\/v2\/centro-de-educacao-e-psicoterapia\/\" \/>\n<meta property=\"og:locale\" content=\"pt_BR\" \/>\n<meta property=\"og:type\" content=\"article\" \/>\n<meta property=\"og:title\" content=\"Apresenta\u00e7\u00e3o - Aljardim\" \/>\n<meta property=\"og:description\" content=\"Presta\u00e7\u00e3o de Servi\u00e7os Declara\u00e7\u00f5es de Capacidade T\u00e9cnica Diretores &nbsp; Somos profissionais que trabalham no Centro de Educa\u00e7\u00e3o e Psicoterapia e atendem indiv\u00edduos, casais e grupos em sess\u00f5es privativas. Prestamos uma s\u00e9rie de outros servi\u00e7os como listamos abaixo: 1. Psicoterapia Individual 2. Psicoterapia de Grupo 3. Terapia Transpessoal 4. Oficinas de Grof\u00ae Breathwork (respira\u00e7\u00e3o holotr\u00f3pica) 5. [&hellip;]\" \/>\n<meta property=\"og:url\" content=\"https:\/\/www.aljardim.com.br\/v2\/centro-de-educacao-e-psicoterapia\/\" \/>\n<meta property=\"og:site_name\" content=\"Aljardim\" \/>\n<meta property=\"article:modified_time\" content=\"2022-02-10T14:20:56+00:00\" \/>\n<meta name=\"twitter:card\" content=\"summary_large_image\" \/>\n<meta name=\"twitter:label1\" content=\"Est. tempo de leitura\" \/>\n\t<meta name=\"twitter:data1\" content=\"1 minuto\" \/>\n<script type=\"application\/ld+json\" class=\"yoast-schema-graph\">{\"@context\":\"https:\/\/schema.org\",\"@graph\":[{\"@type\":\"WebPage\",\"@id\":\"https:\/\/www.aljardim.com.br\/v2\/centro-de-educacao-e-psicoterapia\/\",\"url\":\"https:\/\/www.aljardim.com.br\/v2\/centro-de-educacao-e-psicoterapia\/\",\"name\":\"Apresenta\u00e7\u00e3o - Aljardim\",\"isPartOf\":{\"@id\":\"https:\/\/www.aljardim.com.br\/v2\/#website\"},\"datePublished\":\"2020-03-08T21:15:12+00:00\",\"dateModified\":\"2022-02-10T14:20:56+00:00\",\"breadcrumb\":{\"@id\":\"https:\/\/www.aljardim.com.br\/v2\/centro-de-educacao-e-psicoterapia\/#breadcrumb\"},\"inLanguage\":\"pt-BR\",\"potentialAction\":[{\"@type\":\"ReadAction\",\"target\":[\"https:\/\/www.aljardim.com.br\/v2\/centro-de-educacao-e-psicoterapia\/\"]}]},{\"@type\":\"BreadcrumbList\",\"@id\":\"https:\/\/www.aljardim.com.br\/v2\/centro-de-educacao-e-psicoterapia\/#breadcrumb\",\"itemListElement\":[{\"@type\":\"ListItem\",\"position\":1,\"name\":\"In\u00edcio\",\"item\":\"https:\/\/www.aljardim.com.br\/v2\/\"},{\"@type\":\"ListItem\",\"position\":2,\"name\":\"Apresenta\u00e7\u00e3o\"}]},{\"@type\":\"WebSite\",\"@id\":\"https:\/\/www.aljardim.com.br\/v2\/#website\",\"url\":\"https:\/\/www.aljardim.com.br\/v2\/\",\"name\":\"Aljardim\",\"description\":\"Psicologia, Trabalho com Estados Holotr\u00f3picos de Consci\u00eancia, GROF\u00ae Legacy Training Brasil.\",\"potentialAction\":[{\"@type\":\"SearchAction\",\"target\":{\"@type\":\"EntryPoint\",\"urlTemplate\":\"https:\/\/www.aljardim.com.br\/v2\/?s={search_term_string}\"},\"query-input\":{\"@type\":\"PropertyValueSpecification\",\"valueRequired\":true,\"valueName\":\"search_term_string\"}}],\"inLanguage\":\"pt-BR\"}]}<\/script>\n<!-- \/ Yoast SEO plugin. -->","yoast_head_json":{"title":"Apresenta\u00e7\u00e3o - Aljardim","robots":{"index":"index","follow":"follow","max-snippet":"max-snippet:-1","max-image-preview":"max-image-preview:large","max-video-preview":"max-video-preview:-1"},"canonical":"https:\/\/www.aljardim.com.br\/v2\/centro-de-educacao-e-psicoterapia\/","og_locale":"pt_BR","og_type":"article","og_title":"Apresenta\u00e7\u00e3o - Aljardim","og_description":"Presta\u00e7\u00e3o de Servi\u00e7os Declara\u00e7\u00f5es de Capacidade T\u00e9cnica Diretores &nbsp; Somos profissionais que trabalham no Centro de Educa\u00e7\u00e3o e Psicoterapia e atendem indiv\u00edduos, casais e grupos em sess\u00f5es privativas. Prestamos uma s\u00e9rie de outros servi\u00e7os como listamos abaixo: 1. Psicoterapia Individual 2. Psicoterapia de Grupo 3. Terapia Transpessoal 4. Oficinas de Grof\u00ae Breathwork (respira\u00e7\u00e3o holotr\u00f3pica) 5. [&hellip;]","og_url":"https:\/\/www.aljardim.com.br\/v2\/centro-de-educacao-e-psicoterapia\/","og_site_name":"Aljardim","article_modified_time":"2022-02-10T14:20:56+00:00","twitter_card":"summary_large_image","twitter_misc":{"Est. tempo de leitura":"1 minuto"},"schema":{"@context":"https:\/\/schema.org","@graph":[{"@type":"WebPage","@id":"https:\/\/www.aljardim.com.br\/v2\/centro-de-educacao-e-psicoterapia\/","url":"https:\/\/www.aljardim.com.br\/v2\/centro-de-educacao-e-psicoterapia\/","name":"Apresenta\u00e7\u00e3o - Aljardim","isPartOf":{"@id":"https:\/\/www.aljardim.com.br\/v2\/#website"},"datePublished":"2020-03-08T21:15:12+00:00","dateModified":"2022-02-10T14:20:56+00:00","breadcrumb":{"@id":"https:\/\/www.aljardim.com.br\/v2\/centro-de-educacao-e-psicoterapia\/#breadcrumb"},"inLanguage":"pt-BR","potentialAction":[{"@type":"ReadAction","target":["https:\/\/www.aljardim.com.br\/v2\/centro-de-educacao-e-psicoterapia\/"]}]},{"@type":"BreadcrumbList","@id":"https:\/\/www.aljardim.com.br\/v2\/centro-de-educacao-e-psicoterapia\/#breadcrumb","itemListElement":[{"@type":"ListItem","position":1,"name":"In\u00edcio","item":"https:\/\/www.aljardim.com.br\/v2\/"},{"@type":"ListItem","position":2,"name":"Apresenta\u00e7\u00e3o"}]},{"@type":"WebSite","@id":"https:\/\/www.aljardim.com.br\/v2\/#website","url":"https:\/\/www.aljardim.com.br\/v2\/","name":"Aljardim","description":"Psicologia, Trabalho com Estados Holotr\u00f3picos de Consci\u00eancia, GROF\u00ae Legacy Training Brasil.","potentialAction":[{"@type":"SearchAction","target":{"@type":"EntryPoint","urlTemplate":"https:\/\/www.aljardim.com.br\/v2\/?s={search_term_string}"},"query-input":{"@type":"PropertyValueSpecification","valueRequired":true,"valueName":"search_term_string"}}],"inLanguage":"pt-BR"}]}},"_links":{"self":[{"href":"https:\/\/www.aljardim.com.br\/v2\/wp-json\/wp\/v2\/pages\/44","targetHints":{"allow":["GET"]}}],"collection":[{"href":"https:\/\/www.aljardim.com.br\/v2\/wp-json\/wp\/v2\/pages"}],"about":[{"href":"https:\/\/www.aljardim.com.br\/v2\/wp-json\/wp\/v2\/types\/page"}],"author":[{"embeddable":true,"href":"https:\/\/www.aljardim.com.br\/v2\/wp-json\/wp\/v2\/users\/2"}],"replies":[{"embeddable":true,"href":"https:\/\/www.aljardim.com.br\/v2\/wp-json\/wp\/v2\/comments?post=44"}],"version-history":[{"count":38,"href":"https:\/\/www.aljardim.com.br\/v2\/wp-json\/wp\/v2\/pages\/44\/revisions"}],"predecessor-version":[{"id":4143,"href":"https:\/\/www.aljardim.com.br\/v2\/wp-json\/wp\/v2\/pages\/44\/revisions\/4143"}],"wp:attachment":[{"href":"https:\/\/www.aljardim.com.br\/v2\/wp-json\/wp\/v2\/media?parent=44"}],"curies":[{"name":"wp","href":"https:\/\/api.w.org\/{rel}","templated":true}]}}