{"id":2858,"date":"2020-04-23T23:37:44","date_gmt":"2020-04-24T02:37:44","guid":{"rendered":"https:\/\/www.aljardim.com.br\/wordpress\/?page_id=2858"},"modified":"2020-05-08T18:33:30","modified_gmt":"2020-05-08T21:33:30","slug":"rh-eventos","status":"publish","type":"page","link":"https:\/\/www.aljardim.com.br\/v2\/rh-eventos\/","title":{"rendered":"Eventos com Stanislav Grof"},"content":{"rendered":"<div class=\"col-md-12\">\n<p class=\"categoria\"><i class=\"fas fa-camera\"><\/i> Fotos<\/p>\n<\/div>\n<h3>Eventos com Stanislav Grof<\/h3>\n<p>Palestra &#8211; &#8220;Evolu\u00e7\u00e3o da Consci\u00eancia e Sobreviv\u00eancia Humana,&#8221; Goi\u00e2nia, GO, 20 de Novembro de 2002. Oficina de Respira\u00e7\u00e3o Holotr\u00f3pica &#8211; Goi\u00e2nia, GO, 21 de Novembro de 2002.<\/p>\n<div class=\"rl-gallery-container rl-loading\" id=\"rl-gallery-container-1\" data-gallery_id=\"2331\"> <div class=\"rl-gallery rl-basicgrid-gallery rl-hover-icon-1\" id=\"rl-gallery-1\" data-gallery_no=\"1\"> <div class=\"rl-gallery-item\"><a href=\"https:\/\/www.aljardim.com.br\/v2\/wp-content\/uploads\/2020\/04\/29-17.jpg\" title=\"\" data-rl_title=\"\" class=\"rl-gallery-link\" data-rl_caption=\"\" data-rel=\"lightbox-gallery-1\"><img loading=\"lazy\" decoding=\"async\" src=\"https:\/\/www.aljardim.com.br\/v2\/wp-content\/uploads\/2020\/04\/29-17-300x191.jpg\" width=\"300\" height=\"191\" alt=\"\"\/><\/a><\/div><div class=\"rl-gallery-item\"><a href=\"https:\/\/www.aljardim.com.br\/v2\/wp-content\/uploads\/2020\/04\/35-16.jpg\" title=\"\" data-rl_title=\"\" class=\"rl-gallery-link\" data-rl_caption=\"\" data-rel=\"lightbox-gallery-1\"><img loading=\"lazy\" decoding=\"async\" src=\"https:\/\/www.aljardim.com.br\/v2\/wp-content\/uploads\/2020\/04\/35-16-300x175.jpg\" width=\"300\" height=\"175\" alt=\"\"\/><\/a><\/div><div class=\"rl-gallery-item\"><a href=\"https:\/\/www.aljardim.com.br\/v2\/wp-content\/uploads\/2020\/04\/34-16.jpg\" title=\"\" data-rl_title=\"\" class=\"rl-gallery-link\" data-rl_caption=\"\" data-rel=\"lightbox-gallery-1\"><img loading=\"lazy\" decoding=\"async\" src=\"https:\/\/www.aljardim.com.br\/v2\/wp-content\/uploads\/2020\/04\/34-16-300x199.jpg\" width=\"300\" height=\"199\" alt=\"\"\/><\/a><\/div><div class=\"rl-gallery-item\"><a href=\"https:\/\/www.aljardim.com.br\/v2\/wp-content\/uploads\/2020\/04\/32-16.jpg\" title=\"\" data-rl_title=\"\" class=\"rl-gallery-link\" data-rl_caption=\"\" data-rel=\"lightbox-gallery-1\"><img loading=\"lazy\" decoding=\"async\" src=\"https:\/\/www.aljardim.com.br\/v2\/wp-content\/uploads\/2020\/04\/32-16-300x172.jpg\" width=\"300\" height=\"172\" alt=\"\"\/><\/a><\/div><div class=\"rl-gallery-item\"><a href=\"https:\/\/www.aljardim.com.br\/v2\/wp-content\/uploads\/2020\/04\/33-16.jpg\" title=\"\" data-rl_title=\"\" class=\"rl-gallery-link\" data-rl_caption=\"\" data-rel=\"lightbox-gallery-1\"><img loading=\"lazy\" decoding=\"async\" src=\"https:\/\/www.aljardim.com.br\/v2\/wp-content\/uploads\/2020\/04\/33-16-300x180.jpg\" width=\"300\" height=\"180\" alt=\"\"\/><\/a><\/div><div class=\"rl-gallery-item\"><a href=\"https:\/\/www.aljardim.com.br\/v2\/wp-content\/uploads\/2020\/04\/31-17.jpg\" title=\"\" data-rl_title=\"\" class=\"rl-gallery-link\" data-rl_caption=\"\" data-rel=\"lightbox-gallery-1\"><img loading=\"lazy\" decoding=\"async\" src=\"https:\/\/www.aljardim.com.br\/v2\/wp-content\/uploads\/2020\/04\/31-17-300x191.jpg\" width=\"300\" height=\"191\" alt=\"\"\/><\/a><\/div><div class=\"rl-gallery-item\"><a href=\"https:\/\/www.aljardim.com.br\/v2\/wp-content\/uploads\/2020\/04\/30-17.jpg\" title=\"\" data-rl_title=\"\" class=\"rl-gallery-link\" data-rl_caption=\"\" data-rel=\"lightbox-gallery-1\"><img loading=\"lazy\" decoding=\"async\" src=\"https:\/\/www.aljardim.com.br\/v2\/wp-content\/uploads\/2020\/04\/30-17-300x222.jpg\" width=\"300\" height=\"222\" alt=\"\"\/><\/a><\/div><div class=\"rl-gallery-item\"><a href=\"https:\/\/www.aljardim.com.br\/v2\/wp-content\/uploads\/2020\/04\/28.jpeg\" title=\"\" data-rl_title=\"\" class=\"rl-gallery-link\" data-rl_caption=\"\" data-rel=\"lightbox-gallery-1\"><img loading=\"lazy\" decoding=\"async\" src=\"https:\/\/www.aljardim.com.br\/v2\/wp-content\/uploads\/2020\/04\/28-300x126.jpeg\" width=\"300\" height=\"126\" alt=\"\"\/><\/a><\/div><div class=\"rl-gallery-item\"><a href=\"https:\/\/www.aljardim.com.br\/v2\/wp-content\/uploads\/2020\/04\/27-17.jpg\" title=\"\" data-rl_title=\"\" class=\"rl-gallery-link\" data-rl_caption=\"\" data-rel=\"lightbox-gallery-1\"><img loading=\"lazy\" decoding=\"async\" src=\"https:\/\/www.aljardim.com.br\/v2\/wp-content\/uploads\/2020\/04\/27-17-300x173.jpg\" width=\"300\" height=\"173\" alt=\"\"\/><\/a><\/div><div class=\"rl-gallery-item\"><a href=\"https:\/\/www.aljardim.com.br\/v2\/wp-content\/uploads\/2020\/04\/26-18.jpg\" title=\"\" data-rl_title=\"\" class=\"rl-gallery-link\" data-rl_caption=\"\" data-rel=\"lightbox-gallery-1\"><img loading=\"lazy\" decoding=\"async\" src=\"https:\/\/www.aljardim.com.br\/v2\/wp-content\/uploads\/2020\/04\/26-18-300x148.jpg\" width=\"300\" height=\"148\" alt=\"\"\/><\/a><\/div><div class=\"rl-gallery-item\"><a href=\"https:\/\/www.aljardim.com.br\/v2\/wp-content\/uploads\/2020\/04\/24-17.jpg\" title=\"\" data-rl_title=\"\" class=\"rl-gallery-link\" data-rl_caption=\"\" data-rel=\"lightbox-gallery-1\"><img loading=\"lazy\" decoding=\"async\" src=\"https:\/\/www.aljardim.com.br\/v2\/wp-content\/uploads\/2020\/04\/24-17-300x200.jpg\" width=\"300\" height=\"200\" alt=\"\"\/><\/a><\/div><div class=\"rl-gallery-item\"><a href=\"https:\/\/www.aljardim.com.br\/v2\/wp-content\/uploads\/2020\/04\/23-18.jpg\" title=\"\" data-rl_title=\"\" class=\"rl-gallery-link\" data-rl_caption=\"\" data-rel=\"lightbox-gallery-1\"><img loading=\"lazy\" decoding=\"async\" src=\"https:\/\/www.aljardim.com.br\/v2\/wp-content\/uploads\/2020\/04\/23-18-300x200.jpg\" width=\"300\" height=\"200\" alt=\"\"\/><\/a><\/div><div class=\"rl-gallery-item\"><a href=\"https:\/\/www.aljardim.com.br\/v2\/wp-content\/uploads\/2020\/04\/25-18.jpg\" title=\"\" data-rl_title=\"\" class=\"rl-gallery-link\" data-rl_caption=\"\" data-rel=\"lightbox-gallery-1\"><img loading=\"lazy\" decoding=\"async\" src=\"https:\/\/www.aljardim.com.br\/v2\/wp-content\/uploads\/2020\/04\/25-18-300x190.jpg\" width=\"300\" height=\"190\" alt=\"\"\/><\/a><\/div><div class=\"rl-gallery-item\"><a href=\"https:\/\/www.aljardim.com.br\/v2\/wp-content\/uploads\/2020\/04\/21-18.jpg\" title=\"\" data-rl_title=\"\" class=\"rl-gallery-link\" data-rl_caption=\"\" data-rel=\"lightbox-gallery-1\"><img loading=\"lazy\" decoding=\"async\" src=\"https:\/\/www.aljardim.com.br\/v2\/wp-content\/uploads\/2020\/04\/21-18-300x200.jpg\" width=\"300\" height=\"200\" alt=\"\"\/><\/a><\/div><div class=\"rl-gallery-item\"><a href=\"https:\/\/www.aljardim.com.br\/v2\/wp-content\/uploads\/2020\/04\/22-18.jpg\" title=\"\" data-rl_title=\"\" class=\"rl-gallery-link\" data-rl_caption=\"\" data-rel=\"lightbox-gallery-1\"><img loading=\"lazy\" decoding=\"async\" src=\"https:\/\/www.aljardim.com.br\/v2\/wp-content\/uploads\/2020\/04\/22-18-300x225.jpg\" width=\"300\" height=\"225\" alt=\"\"\/><\/a><\/div><div class=\"rl-gallery-item\"><a href=\"https:\/\/www.aljardim.com.br\/v2\/wp-content\/uploads\/2020\/04\/20-18.jpg\" title=\"\" data-rl_title=\"\" class=\"rl-gallery-link\" data-rl_caption=\"\" data-rel=\"lightbox-gallery-1\"><img loading=\"lazy\" decoding=\"async\" src=\"https:\/\/www.aljardim.com.br\/v2\/wp-content\/uploads\/2020\/04\/20-18-300x200.jpg\" width=\"300\" height=\"200\" alt=\"\"\/><\/a><\/div><div class=\"rl-gallery-item\"><a href=\"https:\/\/www.aljardim.com.br\/v2\/wp-content\/uploads\/2020\/04\/19-18.jpg\" title=\"\" data-rl_title=\"\" class=\"rl-gallery-link\" data-rl_caption=\"\" data-rel=\"lightbox-gallery-1\"><img loading=\"lazy\" decoding=\"async\" src=\"https:\/\/www.aljardim.com.br\/v2\/wp-content\/uploads\/2020\/04\/19-18-300x200.jpg\" width=\"300\" height=\"200\" alt=\"\"\/><\/a><\/div><div class=\"rl-gallery-item\"><a href=\"https:\/\/www.aljardim.com.br\/v2\/wp-content\/uploads\/2020\/04\/18-18.jpg\" title=\"\" data-rl_title=\"\" class=\"rl-gallery-link\" data-rl_caption=\"\" data-rel=\"lightbox-gallery-1\"><img loading=\"lazy\" decoding=\"async\" src=\"https:\/\/www.aljardim.com.br\/v2\/wp-content\/uploads\/2020\/04\/18-18-300x163.jpg\" width=\"300\" height=\"163\" alt=\"\"\/><\/a><\/div><div class=\"rl-gallery-item\"><a href=\"https:\/\/www.aljardim.com.br\/v2\/wp-content\/uploads\/2020\/04\/17-18.jpg\" title=\"\" data-rl_title=\"\" class=\"rl-gallery-link\" data-rl_caption=\"\" data-rel=\"lightbox-gallery-1\"><img loading=\"lazy\" decoding=\"async\" src=\"https:\/\/www.aljardim.com.br\/v2\/wp-content\/uploads\/2020\/04\/17-18-300x200.jpg\" width=\"300\" height=\"200\" alt=\"\"\/><\/a><\/div><div class=\"rl-gallery-item\"><a href=\"https:\/\/www.aljardim.com.br\/v2\/wp-content\/uploads\/2020\/04\/16-18.jpg\" title=\"\" data-rl_title=\"\" class=\"rl-gallery-link\" data-rl_caption=\"\" data-rel=\"lightbox-gallery-1\"><img loading=\"lazy\" decoding=\"async\" src=\"https:\/\/www.aljardim.com.br\/v2\/wp-content\/uploads\/2020\/04\/16-18-300x200.jpg\" width=\"300\" height=\"200\" alt=\"\"\/><\/a><\/div><div class=\"rl-gallery-item\"><a href=\"https:\/\/www.aljardim.com.br\/v2\/wp-content\/uploads\/2020\/04\/15-18.jpg\" title=\"\" data-rl_title=\"\" class=\"rl-gallery-link\" data-rl_caption=\"\" data-rel=\"lightbox-gallery-1\"><img loading=\"lazy\" decoding=\"async\" src=\"https:\/\/www.aljardim.com.br\/v2\/wp-content\/uploads\/2020\/04\/15-18-300x200.jpg\" width=\"300\" height=\"200\" alt=\"\"\/><\/a><\/div><div class=\"rl-gallery-item\"><a href=\"https:\/\/www.aljardim.com.br\/v2\/wp-content\/uploads\/2020\/04\/14-18.jpg\" title=\"\" data-rl_title=\"\" class=\"rl-gallery-link\" data-rl_caption=\"\" data-rel=\"lightbox-gallery-1\"><img loading=\"lazy\" decoding=\"async\" src=\"https:\/\/www.aljardim.com.br\/v2\/wp-content\/uploads\/2020\/04\/14-18-300x157.jpg\" width=\"300\" height=\"157\" alt=\"\"\/><\/a><\/div><div class=\"rl-gallery-item\"><a href=\"https:\/\/www.aljardim.com.br\/v2\/wp-content\/uploads\/2020\/04\/13-18.jpg\" title=\"\" data-rl_title=\"\" class=\"rl-gallery-link\" data-rl_caption=\"\" data-rel=\"lightbox-gallery-1\"><img loading=\"lazy\" decoding=\"async\" src=\"https:\/\/www.aljardim.com.br\/v2\/wp-content\/uploads\/2020\/04\/13-18-300x165.jpg\" width=\"300\" height=\"165\" alt=\"\"\/><\/a><\/div><div class=\"rl-gallery-item\"><a href=\"https:\/\/www.aljardim.com.br\/v2\/wp-content\/uploads\/2020\/04\/12-18.jpg\" title=\"\" data-rl_title=\"\" class=\"rl-gallery-link\" data-rl_caption=\"\" data-rel=\"lightbox-gallery-1\"><img loading=\"lazy\" decoding=\"async\" src=\"https:\/\/www.aljardim.com.br\/v2\/wp-content\/uploads\/2020\/04\/12-18-300x200.jpg\" width=\"300\" height=\"200\" alt=\"\"\/><\/a><\/div><div class=\"rl-gallery-item\"><a href=\"https:\/\/www.aljardim.com.br\/v2\/wp-content\/uploads\/2020\/04\/11-18.jpg\" title=\"\" data-rl_title=\"\" class=\"rl-gallery-link\" data-rl_caption=\"\" data-rel=\"lightbox-gallery-1\"><img loading=\"lazy\" decoding=\"async\" src=\"https:\/\/www.aljardim.com.br\/v2\/wp-content\/uploads\/2020\/04\/11-18-300x200.jpg\" width=\"300\" height=\"200\" alt=\"\"\/><\/a><\/div><div class=\"rl-gallery-item\"><a href=\"https:\/\/www.aljardim.com.br\/v2\/wp-content\/uploads\/2020\/04\/10-18.jpg\" title=\"\" data-rl_title=\"\" class=\"rl-gallery-link\" data-rl_caption=\"\" data-rel=\"lightbox-gallery-1\"><img loading=\"lazy\" decoding=\"async\" src=\"https:\/\/www.aljardim.com.br\/v2\/wp-content\/uploads\/2020\/04\/10-18.jpg\" width=\"169\" height=\"240\" alt=\"\"\/><\/a><\/div><div class=\"rl-gallery-item\"><a href=\"https:\/\/www.aljardim.com.br\/v2\/wp-content\/uploads\/2020\/04\/08-18.jpg\" title=\"\" data-rl_title=\"\" class=\"rl-gallery-link\" data-rl_caption=\"\" data-rel=\"lightbox-gallery-1\"><img loading=\"lazy\" decoding=\"async\" src=\"https:\/\/www.aljardim.com.br\/v2\/wp-content\/uploads\/2020\/04\/08-18-300x200.jpg\" width=\"300\" height=\"200\" alt=\"\"\/><\/a><\/div><div class=\"rl-gallery-item\"><a href=\"https:\/\/www.aljardim.com.br\/v2\/wp-content\/uploads\/2020\/04\/09-18.jpg\" title=\"\" data-rl_title=\"\" class=\"rl-gallery-link\" data-rl_caption=\"\" data-rel=\"lightbox-gallery-1\"><img loading=\"lazy\" decoding=\"async\" src=\"https:\/\/www.aljardim.com.br\/v2\/wp-content\/uploads\/2020\/04\/09-18-300x200.jpg\" width=\"300\" height=\"200\" alt=\"\"\/><\/a><\/div><div class=\"rl-gallery-item\"><a href=\"https:\/\/www.aljardim.com.br\/v2\/wp-content\/uploads\/2020\/04\/07-18.jpg\" title=\"\" data-rl_title=\"\" class=\"rl-gallery-link\" data-rl_caption=\"\" data-rel=\"lightbox-gallery-1\"><img loading=\"lazy\" decoding=\"async\" src=\"https:\/\/www.aljardim.com.br\/v2\/wp-content\/uploads\/2020\/04\/07-18-300x200.jpg\" width=\"300\" height=\"200\" alt=\"\"\/><\/a><\/div><div class=\"rl-gallery-item\"><a href=\"https:\/\/www.aljardim.com.br\/v2\/wp-content\/uploads\/2020\/04\/06-18.jpg\" title=\"\" data-rl_title=\"\" class=\"rl-gallery-link\" data-rl_caption=\"\" data-rel=\"lightbox-gallery-1\"><img loading=\"lazy\" decoding=\"async\" src=\"https:\/\/www.aljardim.com.br\/v2\/wp-content\/uploads\/2020\/04\/06-18-300x200.jpg\" width=\"300\" height=\"200\" alt=\"\"\/><\/a><\/div><div class=\"rl-gallery-item\"><a href=\"https:\/\/www.aljardim.com.br\/v2\/wp-content\/uploads\/2020\/04\/05-18.jpg\" title=\"\" data-rl_title=\"\" class=\"rl-gallery-link\" data-rl_caption=\"\" data-rel=\"lightbox-gallery-1\"><img loading=\"lazy\" decoding=\"async\" src=\"https:\/\/www.aljardim.com.br\/v2\/wp-content\/uploads\/2020\/04\/05-18-300x200.jpg\" width=\"300\" height=\"200\" alt=\"\"\/><\/a><\/div><div class=\"rl-gallery-item\"><a href=\"https:\/\/www.aljardim.com.br\/v2\/wp-content\/uploads\/2020\/04\/04-18.jpg\" title=\"\" data-rl_title=\"\" class=\"rl-gallery-link\" data-rl_caption=\"\" data-rel=\"lightbox-gallery-1\"><img loading=\"lazy\" decoding=\"async\" src=\"https:\/\/www.aljardim.com.br\/v2\/wp-content\/uploads\/2020\/04\/04-18-300x200.jpg\" width=\"300\" height=\"200\" alt=\"\"\/><\/a><\/div><div class=\"rl-gallery-item\"><a href=\"https:\/\/www.aljardim.com.br\/v2\/wp-content\/uploads\/2020\/04\/03-18.jpg\" title=\"\" data-rl_title=\"\" class=\"rl-gallery-link\" data-rl_caption=\"\" data-rel=\"lightbox-gallery-1\"><img loading=\"lazy\" decoding=\"async\" src=\"https:\/\/www.aljardim.com.br\/v2\/wp-content\/uploads\/2020\/04\/03-18-300x200.jpg\" width=\"300\" height=\"200\" alt=\"\"\/><\/a><\/div><div class=\"rl-gallery-item\"><a href=\"https:\/\/www.aljardim.com.br\/v2\/wp-content\/uploads\/2020\/04\/02-18.jpg\" title=\"\" data-rl_title=\"\" class=\"rl-gallery-link\" data-rl_caption=\"\" data-rel=\"lightbox-gallery-1\"><img loading=\"lazy\" decoding=\"async\" src=\"https:\/\/www.aljardim.com.br\/v2\/wp-content\/uploads\/2020\/04\/02-18-300x200.jpg\" width=\"300\" height=\"200\" alt=\"\"\/><\/a><\/div><div class=\"rl-gallery-item\"><a href=\"https:\/\/www.aljardim.com.br\/v2\/wp-content\/uploads\/2020\/04\/01-18.jpg\" title=\"\" data-rl_title=\"\" class=\"rl-gallery-link\" data-rl_caption=\"\" data-rel=\"lightbox-gallery-1\"><img loading=\"lazy\" decoding=\"async\" src=\"https:\/\/www.aljardim.com.br\/v2\/wp-content\/uploads\/2020\/04\/01-18-300x200.jpg\" width=\"300\" height=\"200\" alt=\"\"\/><\/a><\/div> <\/div> <\/div>\n","protected":false},"excerpt":{"rendered":"<p>Fotos Eventos com Stanislav Grof Palestra &#8211; &#8220;Evolu\u00e7\u00e3o da Consci\u00eancia e Sobreviv\u00eancia Humana,&#8221; Goi\u00e2nia, GO, 20 de Novembro de 2002. Oficina de Respira\u00e7\u00e3o Holotr\u00f3pica &#8211; Goi\u00e2nia, GO, 21 de Novembro de 2002.<\/p>\n","protected":false},"author":2,"featured_media":0,"parent":0,"menu_order":0,"comment_status":"closed","ping_status":"closed","template":"","meta":{"_acf_changed":false,"footnotes":""},"class_list":["post-2858","page","type-page","status-publish","hentry"],"acf":[],"yoast_head":"<!-- This site is optimized with the Yoast SEO plugin v24.5 - https:\/\/yoast.com\/wordpress\/plugins\/seo\/ -->\n<title>Eventos com Stanislav Grof - Aljardim<\/title>\n<meta name=\"robots\" content=\"index, follow, max-snippet:-1, max-image-preview:large, max-video-preview:-1\" \/>\n<link rel=\"canonical\" href=\"https:\/\/www.aljardim.com.br\/v2\/rh-eventos\/\" \/>\n<meta property=\"og:locale\" content=\"pt_BR\" \/>\n<meta property=\"og:type\" content=\"article\" \/>\n<meta property=\"og:title\" content=\"Eventos com Stanislav Grof - Aljardim\" \/>\n<meta property=\"og:description\" content=\"Fotos Eventos com Stanislav Grof Palestra &#8211; &#8220;Evolu\u00e7\u00e3o da Consci\u00eancia e Sobreviv\u00eancia Humana,&#8221; Goi\u00e2nia, GO, 20 de Novembro de 2002. Oficina de Respira\u00e7\u00e3o Holotr\u00f3pica &#8211; Goi\u00e2nia, GO, 21 de Novembro de 2002.\" \/>\n<meta property=\"og:url\" content=\"https:\/\/www.aljardim.com.br\/v2\/rh-eventos\/\" \/>\n<meta property=\"og:site_name\" content=\"Aljardim\" \/>\n<meta property=\"article:modified_time\" content=\"2020-05-08T21:33:30+00:00\" \/>\n<meta name=\"twitter:card\" content=\"summary_large_image\" \/>\n<script type=\"application\/ld+json\" class=\"yoast-schema-graph\">{\"@context\":\"https:\/\/schema.org\",\"@graph\":[{\"@type\":\"WebPage\",\"@id\":\"https:\/\/www.aljardim.com.br\/v2\/rh-eventos\/\",\"url\":\"https:\/\/www.aljardim.com.br\/v2\/rh-eventos\/\",\"name\":\"Eventos com Stanislav Grof - Aljardim\",\"isPartOf\":{\"@id\":\"https:\/\/www.aljardim.com.br\/v2\/#website\"},\"datePublished\":\"2020-04-24T02:37:44+00:00\",\"dateModified\":\"2020-05-08T21:33:30+00:00\",\"breadcrumb\":{\"@id\":\"https:\/\/www.aljardim.com.br\/v2\/rh-eventos\/#breadcrumb\"},\"inLanguage\":\"pt-BR\",\"potentialAction\":[{\"@type\":\"ReadAction\",\"target\":[\"https:\/\/www.aljardim.com.br\/v2\/rh-eventos\/\"]}]},{\"@type\":\"BreadcrumbList\",\"@id\":\"https:\/\/www.aljardim.com.br\/v2\/rh-eventos\/#breadcrumb\",\"itemListElement\":[{\"@type\":\"ListItem\",\"position\":1,\"name\":\"In\u00edcio\",\"item\":\"https:\/\/www.aljardim.com.br\/v2\/\"},{\"@type\":\"ListItem\",\"position\":2,\"name\":\"Eventos com Stanislav Grof\"}]},{\"@type\":\"WebSite\",\"@id\":\"https:\/\/www.aljardim.com.br\/v2\/#website\",\"url\":\"https:\/\/www.aljardim.com.br\/v2\/\",\"name\":\"Aljardim\",\"description\":\"Psicologia, Trabalho com Estados Holotr\u00f3picos de Consci\u00eancia, GROF\u00ae Legacy Training Brasil.\",\"potentialAction\":[{\"@type\":\"SearchAction\",\"target\":{\"@type\":\"EntryPoint\",\"urlTemplate\":\"https:\/\/www.aljardim.com.br\/v2\/?s={search_term_string}\"},\"query-input\":{\"@type\":\"PropertyValueSpecification\",\"valueRequired\":true,\"valueName\":\"search_term_string\"}}],\"inLanguage\":\"pt-BR\"}]}<\/script>\n<!-- \/ Yoast SEO plugin. -->","yoast_head_json":{"title":"Eventos com Stanislav Grof - Aljardim","robots":{"index":"index","follow":"follow","max-snippet":"max-snippet:-1","max-image-preview":"max-image-preview:large","max-video-preview":"max-video-preview:-1"},"canonical":"https:\/\/www.aljardim.com.br\/v2\/rh-eventos\/","og_locale":"pt_BR","og_type":"article","og_title":"Eventos com Stanislav Grof - Aljardim","og_description":"Fotos Eventos com Stanislav Grof Palestra &#8211; &#8220;Evolu\u00e7\u00e3o da Consci\u00eancia e Sobreviv\u00eancia Humana,&#8221; Goi\u00e2nia, GO, 20 de Novembro de 2002. Oficina de Respira\u00e7\u00e3o Holotr\u00f3pica &#8211; Goi\u00e2nia, GO, 21 de Novembro de 2002.","og_url":"https:\/\/www.aljardim.com.br\/v2\/rh-eventos\/","og_site_name":"Aljardim","article_modified_time":"2020-05-08T21:33:30+00:00","twitter_card":"summary_large_image","schema":{"@context":"https:\/\/schema.org","@graph":[{"@type":"WebPage","@id":"https:\/\/www.aljardim.com.br\/v2\/rh-eventos\/","url":"https:\/\/www.aljardim.com.br\/v2\/rh-eventos\/","name":"Eventos com Stanislav Grof - Aljardim","isPartOf":{"@id":"https:\/\/www.aljardim.com.br\/v2\/#website"},"datePublished":"2020-04-24T02:37:44+00:00","dateModified":"2020-05-08T21:33:30+00:00","breadcrumb":{"@id":"https:\/\/www.aljardim.com.br\/v2\/rh-eventos\/#breadcrumb"},"inLanguage":"pt-BR","potentialAction":[{"@type":"ReadAction","target":["https:\/\/www.aljardim.com.br\/v2\/rh-eventos\/"]}]},{"@type":"BreadcrumbList","@id":"https:\/\/www.aljardim.com.br\/v2\/rh-eventos\/#breadcrumb","itemListElement":[{"@type":"ListItem","position":1,"name":"In\u00edcio","item":"https:\/\/www.aljardim.com.br\/v2\/"},{"@type":"ListItem","position":2,"name":"Eventos com Stanislav Grof"}]},{"@type":"WebSite","@id":"https:\/\/www.aljardim.com.br\/v2\/#website","url":"https:\/\/www.aljardim.com.br\/v2\/","name":"Aljardim","description":"Psicologia, Trabalho com Estados Holotr\u00f3picos de Consci\u00eancia, GROF\u00ae Legacy Training Brasil.","potentialAction":[{"@type":"SearchAction","target":{"@type":"EntryPoint","urlTemplate":"https:\/\/www.aljardim.com.br\/v2\/?s={search_term_string}"},"query-input":{"@type":"PropertyValueSpecification","valueRequired":true,"valueName":"search_term_string"}}],"inLanguage":"pt-BR"}]}},"_links":{"self":[{"href":"https:\/\/www.aljardim.com.br\/v2\/wp-json\/wp\/v2\/pages\/2858","targetHints":{"allow":["GET"]}}],"collection":[{"href":"https:\/\/www.aljardim.com.br\/v2\/wp-json\/wp\/v2\/pages"}],"about":[{"href":"https:\/\/www.aljardim.com.br\/v2\/wp-json\/wp\/v2\/types\/page"}],"author":[{"embeddable":true,"href":"https:\/\/www.aljardim.com.br\/v2\/wp-json\/wp\/v2\/users\/2"}],"replies":[{"embeddable":true,"href":"https:\/\/www.aljardim.com.br\/v2\/wp-json\/wp\/v2\/comments?post=2858"}],"version-history":[{"count":6,"href":"https:\/\/www.aljardim.com.br\/v2\/wp-json\/wp\/v2\/pages\/2858\/revisions"}],"predecessor-version":[{"id":4188,"href":"https:\/\/www.aljardim.com.br\/v2\/wp-json\/wp\/v2\/pages\/2858\/revisions\/4188"}],"wp:attachment":[{"href":"https:\/\/www.aljardim.com.br\/v2\/wp-json\/wp\/v2\/media?parent=2858"}],"curies":[{"name":"wp","href":"https:\/\/api.w.org\/{rel}","templated":true}]}}